{"id":1307,"date":"2025-04-02T12:38:29","date_gmt":"2025-04-02T10:38:29","guid":{"rendered":"https:\/\/nowa.pluszowymis.com\/?page_id=1307"},"modified":"2025-04-11T10:40:49","modified_gmt":"2025-04-11T08:40:49","slug":"adaptacja","status":"publish","type":"page","link":"https:\/\/pluszowymis.com\/en\/adaptacja\/","title":{"rendered":"Adaptation"},"content":{"rendered":"<div data-elementor-type=\"wp-page\" data-elementor-id=\"1307\" class=\"elementor elementor-1307\" data-elementor-post-type=\"page\">\n\t\t\t\t<div class=\"elementor-element elementor-element-6a44b57 e-con-full e-flex e-con e-parent\" data-id=\"6a44b57\" data-element_type=\"container\" data-settings=\"{&quot;background_background&quot;:&quot;classic&quot;}\">\n\t\t\t\t<div class=\"elementor-element elementor-element-4b4032c elementor-widget elementor-widget-heading\" data-id=\"4b4032c\" data-element_type=\"widget\" data-widget_type=\"heading.default\">\n\t\t\t\t<div class=\"elementor-widget-container\">\n\t\t\t\t\t<h2 class=\"elementor-heading-title elementor-size-default\">Adaptation<\/h2>\t\t\t\t<\/div>\n\t\t\t\t<\/div>\n\t\t\t\t<\/div>\n\t\t<div class=\"elementor-element elementor-element-8cf8230 e-flex e-con-boxed e-con e-parent\" data-id=\"8cf8230\" data-element_type=\"container\" data-settings=\"{&quot;background_background&quot;:&quot;classic&quot;}\">\n\t\t\t\t\t<div class=\"e-con-inner\">\n\t\t<div class=\"elementor-element elementor-element-412651c e-con-full e-flex e-con e-child\" data-id=\"412651c\" data-element_type=\"container\">\n\t\t\t\t<div class=\"elementor-element elementor-element-7da3885 elementor-widget elementor-widget-heading\" data-id=\"7da3885\" data-element_type=\"widget\" data-widget_type=\"heading.default\">\n\t\t\t\t<div class=\"elementor-widget-container\">\n\t\t\t\t\t<h2 class=\"elementor-heading-title elementor-size-default\">Adaptation in kindergarten<\/h2>\t\t\t\t<\/div>\n\t\t\t\t<\/div>\n\t\t<div class=\"elementor-element elementor-element-9534bf5 e-con-full e-flex e-con e-child\" data-id=\"9534bf5\" data-element_type=\"container\" data-settings=\"{&quot;background_background&quot;:&quot;classic&quot;}\">\n\t\t<div class=\"elementor-element elementor-element-d721b87 e-con-full e-flex e-con e-child\" data-id=\"d721b87\" data-element_type=\"container\" data-settings=\"{&quot;background_background&quot;:&quot;classic&quot;}\">\n\t\t\t\t<div class=\"elementor-element elementor-element-624d964 elementor-widget-mobile__width-initial elementor-widget elementor-widget-text-editor\" data-id=\"624d964\" data-element_type=\"widget\" data-widget_type=\"text-editor.default\">\n\t\t\t\t<div class=\"elementor-widget-container\">\n\t\t\t\t\t\t\t\t\t<div id=\"fws_67ed13ff4bc11\" class=\"wpb_row vc_row-fluid vc_row top-level standard_section\" data-midnight=\"dark\" data-top-percent=\"2%\" data-bottom-percent=\"2%\" data-bg-mobile-hidden=\"\"><div class=\"col span_12 dark left\"><div class=\"vc_col-sm-12 wpb_column column_container vc_column_container col centered-text no-extra-padding instance-0\" data-t-w-inherits=\"default\" data-border-radius=\"none\" data-shadow=\"none\" data-border-animation=\"\" data-border-animation-delay=\"\" data-border-width=\"none\" data-border-style=\"solid\" data-border-color=\"\" data-bg-cover=\"\" data-padding-pos=\"all\" data-has-bg-color=\"false\" data-bg-color=\"\" data-bg-opacity=\"1\" data-hover-bg=\"\" data-hover-bg-opacity=\"1\" data-animation=\"\" data-delay=\"0\"><div class=\"vc_column-inner\"><div class=\"wpb_wrapper\"><div class=\"wpb_text_column wpb_content_element title-block\"><div class=\"wpb_wrapper\"><div>Przygotowanie dziecka do adaptacji\u00a0<\/div><div>w przedszkolu\u00a0<span style=\"text-align: var(--text-align);\">is a key stage that can make it easier for them to start\u00a0<\/span><\/div><div><span style=\"text-align: var(--text-align);\">and make them feel safe.\u00a0<\/span><\/div><\/div><\/div><\/div><\/div><\/div><\/div><\/div>\t\t\t\t\t\t\t\t<\/div>\n\t\t\t\t<\/div>\n\t\t\t\t<\/div>\n\t\t\t\t<\/div>\n\t\t\t\t<\/div>\n\t\t<div class=\"elementor-element elementor-element-b24588f e-con-full e-flex e-con e-child\" data-id=\"b24588f\" data-element_type=\"container\">\n\t\t\t\t<div class=\"elementor-element elementor-element-11eefc5 elementor-widget elementor-widget-image\" data-id=\"11eefc5\" data-element_type=\"widget\" data-widget_type=\"image.default\">\n\t\t\t\t<div class=\"elementor-widget-container\">\n\t\t\t\t\t\t\t\t\t\t\t\t\t\t\t<img fetchpriority=\"high\" decoding=\"async\" width=\"512\" height=\"512\" src=\"https:\/\/pluszowymis.com\/wp-content\/uploads\/2025\/04\/cropped-mis-z-flaga-pluszowy-1939x2048-1.png\" class=\"attachment-2048x2048 size-2048x2048 wp-image-1243\" alt=\"\" srcset=\"https:\/\/pluszowymis.com\/wp-content\/uploads\/2025\/04\/cropped-mis-z-flaga-pluszowy-1939x2048-1.png 512w, https:\/\/pluszowymis.com\/wp-content\/uploads\/2025\/04\/cropped-mis-z-flaga-pluszowy-1939x2048-1-300x300.png 300w, https:\/\/pluszowymis.com\/wp-content\/uploads\/2025\/04\/cropped-mis-z-flaga-pluszowy-1939x2048-1-150x150.png 150w, https:\/\/pluszowymis.com\/wp-content\/uploads\/2025\/04\/cropped-mis-z-flaga-pluszowy-1939x2048-1-270x270.png 270w, https:\/\/pluszowymis.com\/wp-content\/uploads\/2025\/04\/cropped-mis-z-flaga-pluszowy-1939x2048-1-192x192.png 192w, https:\/\/pluszowymis.com\/wp-content\/uploads\/2025\/04\/cropped-mis-z-flaga-pluszowy-1939x2048-1-180x180.png 180w, https:\/\/pluszowymis.com\/wp-content\/uploads\/2025\/04\/cropped-mis-z-flaga-pluszowy-1939x2048-1-32x32.png 32w\" sizes=\"(max-width: 512px) 100vw, 512px\" \/>\t\t\t\t\t\t\t\t\t\t\t\t\t\t\t<\/div>\n\t\t\t\t<\/div>\n\t\t\t\t<\/div>\n\t\t\t\t\t<\/div>\n\t\t\t\t<\/div>\n\t\t<div class=\"elementor-element elementor-element-cd75f4e e-flex e-con-boxed e-con e-parent\" data-id=\"cd75f4e\" data-element_type=\"container\" data-settings=\"{&quot;background_background&quot;:&quot;classic&quot;}\">\n\t\t\t\t\t<div class=\"e-con-inner\">\n\t\t<div class=\"elementor-element elementor-element-d688dd7 e-con-full e-flex e-con e-child\" data-id=\"d688dd7\" data-element_type=\"container\">\n\t\t\t\t<div class=\"elementor-element elementor-element-a12bb97 elementor-widget elementor-widget-image\" data-id=\"a12bb97\" data-element_type=\"widget\" data-widget_type=\"image.default\">\n\t\t\t\t<div class=\"elementor-widget-container\">\n\t\t\t\t\t\t\t\t\t\t\t\t\t\t\t<img decoding=\"async\" width=\"1000\" height=\"1000\" src=\"https:\/\/pluszowymis.com\/wp-content\/uploads\/2025\/03\/aboutimg8-1.png\" class=\"attachment-2048x2048 size-2048x2048 wp-image-768\" alt=\"\" srcset=\"https:\/\/pluszowymis.com\/wp-content\/uploads\/2025\/03\/aboutimg8-1.png 1000w, https:\/\/pluszowymis.com\/wp-content\/uploads\/2025\/03\/aboutimg8-1-300x300.png 300w, https:\/\/pluszowymis.com\/wp-content\/uploads\/2025\/03\/aboutimg8-1-150x150.png 150w, https:\/\/pluszowymis.com\/wp-content\/uploads\/2025\/03\/aboutimg8-1-768x768.png 768w\" sizes=\"(max-width: 1000px) 100vw, 1000px\" \/>\t\t\t\t\t\t\t\t\t\t\t\t\t\t\t<\/div>\n\t\t\t\t<\/div>\n\t\t\t\t<\/div>\n\t\t<div class=\"elementor-element elementor-element-df3b115 e-con-full e-flex e-con e-child\" data-id=\"df3b115\" data-element_type=\"container\">\n\t\t\t\t<div class=\"elementor-element elementor-element-4532607 elementor-widget elementor-widget-heading\" data-id=\"4532607\" data-element_type=\"widget\" data-widget_type=\"heading.default\">\n\t\t\t\t<div class=\"elementor-widget-container\">\n\t\t\t\t\t<h2 class=\"elementor-heading-title elementor-size-default\">Oto kilka krok\u00f3w, kt\u00f3re mog\u0105 pom\u00f3c:<\/h2>\t\t\t\t<\/div>\n\t\t\t\t<\/div>\n\t\t<div class=\"elementor-element elementor-element-3243455 e-con-full e-flex e-con e-child\" data-id=\"3243455\" data-element_type=\"container\" data-settings=\"{&quot;background_background&quot;:&quot;classic&quot;}\">\n\t\t<div class=\"elementor-element elementor-element-35789c8 e-con-full e-flex e-con e-child\" data-id=\"35789c8\" data-element_type=\"container\" data-settings=\"{&quot;background_background&quot;:&quot;classic&quot;}\">\n\t\t\t\t<div class=\"elementor-element elementor-element-d189a3a elementor-widget-mobile__width-initial elementor-widget elementor-widget-text-editor\" data-id=\"d189a3a\" data-element_type=\"widget\" data-widget_type=\"text-editor.default\">\n\t\t\t\t<div class=\"elementor-widget-container\">\n\t\t\t\t\t\t\t\t\t<div style=\"text-align: center;\"><b>1. Talking to Your Child About Kindergarten\u00a0<\/b><\/div><div><b>\u00a0<\/b><\/div><div style=\"text-align: center;\">Opowiedz\u00a0dziecku, czym jest przedszkolem co sie\u00a0tam robi\u00a0i jakie czekaj\u0105\u00a0tam ciekawe zabawy. Wa\u017cne, aby m\u00f3wi\u0107\u00a0o tym w pozytywny spos\u00f3b, podkre\u015blaj\u0105c<\/div><div style=\"text-align: center;\">rado\u015b\u0107\u00a0z poznawania nowych koleg\u00f3w i kole\u017canek.<\/div><div>\u00a0<\/div><div style=\"text-align: center;\"><b>2. Gradual adaptation\u00a0<\/b><br \/><b><br \/><\/b><\/div><div style=\"text-align: center;\">If possible, introduce your child to the kindergarten\u00a0<br \/>przed pierwszym dniem \u00a0&#8211; odwied\u017acie plac\u00f3wke,\u00a0<br \/>show him\/her the classrooms, the playground.\u00a0<\/div><div>\u00a0<\/div><div style=\"text-align: center;\"><b>3. Independence training\u00a0<\/b><br \/><b><br \/><\/b><\/div><div style=\"text-align: center;\">Encourage your child to eat independently,<br \/>ubierania\u00a0si\u0119\u00a0i korzystania z toalety.<br \/>This will increase his self-confidence\u00a0<span style=\"text-align: var(--text-align); background-color: var( --e-global-color-accent );\">nd make it easier\u00a0<\/span><br \/><span style=\"text-align: var(--text-align); background-color: var( --e-global-color-accent );\">everyday functioning in kindergarten.\u00a0<\/span><\/div><div>\u00a0<\/div><div style=\"text-align: center;\"><b>4. Emotional preparation\u00a0<\/b><br \/><b><br \/><\/b><\/div><div style=\"text-align: center;\">Czytajcie ksi\u0105\u017ceczki\u00a0o przedszkolu, bawcie\u00a0si\u0119<br \/>w &#8222;zabaw\u0119\u00a0w przedszkole&#8221;, gdzie dziecko b\u0119dzie odgrywa\u0107 scenki\u00a0z codziennych zaj\u0119\u0107.<\/div><div>\u00a0<\/div><div style=\"text-align: center;\"><b>5. Giving your child support\u00a0<\/b><\/div><div><b>\u00a0<\/b><\/div><div style=\"text-align: center;\">If your child is having a hard time, be understanding\nand patient<br \/>i cierpliwo\u015b\u0107. Nie bagatelizuj jego emocji, ale te\u017c nie podsycaj l\u0119k\u00f3w.\u00a0Powiedz mu, \u017ce to normalne, \u017ce pocz\u0105tki bywaj\u0105 trudne,\u00a0<span style=\"text-align: var(--text-align); background-color: var( --e-global-color-accent );\">but that it will get better with time.\u00a0<\/span><\/div>\t\t\t\t\t\t\t\t<\/div>\n\t\t\t\t<\/div>\n\t\t\t\t<\/div>\n\t\t\t\t<\/div>\n\t\t\t\t<\/div>\n\t\t\t\t\t<\/div>\n\t\t\t\t<\/div>\n\t\t\t\t<\/div>","protected":false},"excerpt":{"rendered":"<p>Adaptacja Adaptacja w\u00a0przedszkolu Przygotowanie dziecka do adaptacji\u00a0w przedszkolu\u00a0to kluczowy etap, kt\u00f3ry mo\u017ce u\u0142atwi\u0107 mu start i sprawi,\u00a0\u017ce b\u0119dzie czu\u0142o si\u0119 bezpiecznie.\u00a0 Oto kilka krok\u00f3w, kt\u00f3re mog\u0105 pom\u00f3c: 1. Rozmowa z dzieckiem o przedszkolu\u00a0\u00a0Opowiedz\u00a0dziecku, czym jest przedszkolem co sie\u00a0tam robi\u00a0i jakie czekaj\u0105\u00a0tam ciekawe zabawy. Wa\u017cne, aby m\u00f3wi\u0107\u00a0o tym w pozytywny spos\u00f3b, podkre\u015blaj\u0105crado\u015b\u0107\u00a0z poznawania nowych koleg\u00f3w i [&hellip;]<\/p>","protected":false},"author":1,"featured_media":0,"parent":0,"menu_order":0,"comment_status":"closed","ping_status":"closed","template":"elementor_header_footer","meta":{"footnotes":""},"class_list":["post-1307","page","type-page","status-publish","hentry"],"_links":{"self":[{"href":"https:\/\/pluszowymis.com\/en\/wp-json\/wp\/v2\/pages\/1307","targetHints":{"allow":["GET"]}}],"collection":[{"href":"https:\/\/pluszowymis.com\/en\/wp-json\/wp\/v2\/pages"}],"about":[{"href":"https:\/\/pluszowymis.com\/en\/wp-json\/wp\/v2\/types\/page"}],"author":[{"embeddable":true,"href":"https:\/\/pluszowymis.com\/en\/wp-json\/wp\/v2\/users\/1"}],"replies":[{"embeddable":true,"href":"https:\/\/pluszowymis.com\/en\/wp-json\/wp\/v2\/comments?post=1307"}],"version-history":[{"count":50,"href":"https:\/\/pluszowymis.com\/en\/wp-json\/wp\/v2\/pages\/1307\/revisions"}],"predecessor-version":[{"id":1846,"href":"https:\/\/pluszowymis.com\/en\/wp-json\/wp\/v2\/pages\/1307\/revisions\/1846"}],"wp:attachment":[{"href":"https:\/\/pluszowymis.com\/en\/wp-json\/wp\/v2\/media?parent=1307"}],"curies":[{"name":"wp","href":"https:\/\/api.w.org\/{rel}","templated":true}]}}